{"id":19,"date":"2023-09-27T13:10:32","date_gmt":"2023-09-27T13:10:32","guid":{"rendered":"https:\/\/feineherbe.de\/?page_id=19"},"modified":"2023-09-27T13:24:09","modified_gmt":"2023-09-27T13:24:09","slug":"blog","status":"publish","type":"page","link":"https:\/\/feineherbe.de\/","title":{"rendered":"Benefizkonzert"},"content":{"rendered":"\n<p><strong>Samstag, den 28. Okober 2023 um 20 Uhr<\/strong><\/p>\n\n\n\n<p>im Chapeau Kultur auf der Hindenburgstra\u00dfe 57 in der Vitusstadt M\u00f6nchengladbach.<\/p>\n\n\n\n<p>Eintritt 15\u20ac\/ 12 \u20ac erm\u00e4\u00dfigt.<\/p>\n\n\n\n<p>Vorverkaufsstellen sind die Reforml\u00e4den Goll in Viersen, Rheydt und M\u00f6nchengladbach, der Eine Welt Laden in MG und gerne auch per Mail an info@feineherbe.de.<\/p>\n\n\n\n<p><\/p>\n","protected":false},"excerpt":{"rendered":"<p>Samstag, den 28. Okober 2023 um 20 Uhr im Chapeau Kultur auf der Hindenburgstra\u00dfe 57 in der Vitusstadt M\u00f6nchengladbach. Eintritt 15\u20ac\/ 12 \u20ac erm\u00e4\u00dfigt. Vorverkaufsstellen sind die Reforml\u00e4den Goll in Viersen, Rheydt und M\u00f6nchengladbach, der Eine Welt Laden in MG und gerne auch per Mail an info@feineherbe.de.<\/p>\n","protected":false},"author":1,"featured_media":31,"parent":0,"menu_order":0,"comment_status":"closed","ping_status":"closed","template":"","meta":{"footnotes":""},"_links":{"self":[{"href":"https:\/\/feineherbe.de\/index.php?rest_route=\/wp\/v2\/pages\/19"}],"collection":[{"href":"https:\/\/feineherbe.de\/index.php?rest_route=\/wp\/v2\/pages"}],"about":[{"href":"https:\/\/feineherbe.de\/index.php?rest_route=\/wp\/v2\/types\/page"}],"author":[{"embeddable":true,"href":"https:\/\/feineherbe.de\/index.php?rest_route=\/wp\/v2\/users\/1"}],"replies":[{"embeddable":true,"href":"https:\/\/feineherbe.de\/index.php?rest_route=%2Fwp%2Fv2%2Fcomments&post=19"}],"version-history":[{"count":5,"href":"https:\/\/feineherbe.de\/index.php?rest_route=\/wp\/v2\/pages\/19\/revisions"}],"predecessor-version":[{"id":52,"href":"https:\/\/feineherbe.de\/index.php?rest_route=\/wp\/v2\/pages\/19\/revisions\/52"}],"wp:featuredmedia":[{"embeddable":true,"href":"https:\/\/feineherbe.de\/index.php?rest_route=\/wp\/v2\/media\/31"}],"wp:attachment":[{"href":"https:\/\/feineherbe.de\/index.php?rest_route=%2Fwp%2Fv2%2Fmedia&parent=19"}],"curies":[{"name":"wp","href":"https:\/\/api.w.org\/{rel}","templated":true}]}}